{"id":27,"date":"2016-09-16T12:56:36","date_gmt":"2016-09-16T12:56:36","guid":{"rendered":"http:\/\/www.ralphs-musikshop.de\/?page_id=27"},"modified":"2020-03-04T09:02:02","modified_gmt":"2020-03-04T09:02:02","slug":"impressum","status":"publish","type":"page","link":"https:\/\/www.ralphs-musikshop.de\/index.php\/impressum\/","title":{"rendered":"Impressum"},"content":{"rendered":"<p>gem\u00e4\u00df \u00a76 Teledienstgesetz (TDG)<\/p>\n<p><strong>Diensteanbieter:<\/strong><br \/>\nRalphs Musikshop<br \/>\nInh. Ralph Hertwig<\/p>\n<p>(im folgenden Autor\/Urheber genannt)<\/p>\n<p><strong>Anschrift:<\/strong><\/p>\n<p>G\u00f6rlitzer Str. 51<br \/>\n02899 Ostritz<\/p>\n<p><strong>Kontakt:<\/strong><br \/>\nTelefon: +49 0174 \u2013 4402688<\/p>\n<p><strong>Elektronische Postadresse (E-Mail):<\/strong><br \/>\nkontakt@ralphs-musikshop.de<br \/>\nInhaltlich Verantwortlicher gem\u00e4\u00df \u00a7 55 Abs. 2 RStV:<br \/>\nRalph\u00b4s Musikshop (Anschrift wie oben)<\/p>\n<p>Steuer-Nr.:&nbsp;208\/230\/0157 (Kleinunternehmerregelung)<\/p>\n<p><strong>Verantwortungsbereich:<\/strong><br \/>\nDas Impressum gilt f\u00fcr die Internetpr\u00e4senzen unter den Adressen:<br \/>\nwww.ralphs-musikshop.de<br \/>\nwww.soundandfood.de<\/p>\n<p><strong>Nutzung und Urheberschutz \/ Urheberrecht<\/strong><br \/>\nDer Urheber r\u00e4umt Ihnen ganz konkret das Nutzungsrecht ein, sich eine private Kopie f\u00fcr pers\u00f6nliche Zwecke anzufertigen. Nicht berechtigt sind Sie dagegen, die Materialien zu ver\u00e4ndern und \/oder weiter zu geben oder gar selbst zu ver\u00f6ffentlichen. Wenn nicht ausdr\u00fccklich anders vermerkt, liegen die Urheberrechte f\u00fcr Texte beim Autor.<\/p>\n<p>Der Autor ist bestrebt, in allen Publikationen die Urheberrechte der verwendeten Grafiken, Tondokumente, Videosequenzen und Texte zu beachten, von ihm selbst erstellte Grafiken, Tondokumente, Videosequenzen und Texte zu nutzen oder auf lizenzfreie Grafiken, Tondokumente, Videosequenzen und Texte zur\u00fcckzugreifen.<br \/>\nAlle innerhalb dieses Internetangebotes genannten und ggf. durch Dritte gesch\u00fctzten Marken- und Warenzeichen unterliegen uneingeschr\u00e4nkt den Bestimmungen des jeweils g\u00fcltigen Kennzeichenrechts und den Besitzrechten der jeweiligen eingetragenen Eigent\u00fcmer. Allein aufgrund der blo\u00dfen Nennung ist nicht der Schluss zu ziehen, dass Markenzeichen nicht durch Rechte Dritter gesch\u00fctzt sind!<\/p>\n<p>Das Copyright f\u00fcr ver\u00f6ffentlichte, vom Autor selbst erstellte Texte und Objekte bleibt allein beim Autor der Seiten. Eine Vervielf\u00e4ltigung oder Verwendung dieser Grafiken, Tondokumente, Videosequenzen und Texte in anderen elektronischen oder gedruckten Publikationen ist ohne ausdr\u00fcckliche Zustimmung des Autors nicht gestattet.<\/p>\n<p><strong>Grafiken und Bilder<\/strong><br \/>\nDie meisten Illustrationen unterliegen den Urheberrechten des Autors.<\/p>\n<p>Weitere auf dieser Internetpr\u00e4senz dargestellen Grafiken und Fotografien sind zum Teil Eigentum der nachfolgend aufgef\u00fchren Firmen bzw. nat\u00fcrlicher oder juristischer Personen oder von Dritten in Lizenz an diese vergeben worden:<\/p>\n<p>Fotolia LLC, 41 East 11th Street, 11th Floor, NY 10003, USA<br \/>\nPhotocase, Kai Schneider, Ebertystra\u00dfe 29, 10249 Berlin<br \/>\nPixelQuelle.de, Markus Hein, Schrottstr. 5, 80686 M\u00fcnchen<\/p>\n<p>F\u00fcr alle dargestellten Grafiken und Fotografien gilt:<br \/>\nDas Copyright und s\u00e4mtliche anderen Rechte an diesen Grafiken und Bildern verbleiben bei den o.a. Eigent\u00fcmern und\/oder deren Lizenzgebern. Eine Vervielf\u00e4ltigung oder Verwendung, Kopie oder Speicherung jeglicher Form dieser Grafiken und Fotografien \u2013 weder ganzheitlich oder in Ausschnitten \u2013 in anderen elektronischen oder gedruckten Publikationen ist hiermit ausdr\u00fccklich nicht gestattet.<\/p>\n<p><strong>Schutzrechtsverletzung:<\/strong><br \/>\nFalls Sie vermuten, dass von dieser Website aus eines Ihrer Schutzrechte verletzt wird, teilen Sie uns das bitte umgehend per elektronischer Post mit, damit z\u00fcgig Abhilfe geschafft werden kann. Bitte nehmen Sie zur Kenntnis: Die zeitaufw\u00e4ndigere Einschaltung eines Anwaltes zur (f\u00fcr den Diensteanbieter kostenpflichtigen) Abmahnung entspricht nicht dessen wirklichen oder mutma\u00dflichen Willen.<\/p>\n<p>&nbsp;<\/p>\n<p><strong>Entwicklung &amp; Realisierung<\/strong><br \/>\nDiese Website wurde entwickelt von:<br \/>\nWeehouse Media \u2013 Internet, Multimedia, Grafik<br \/>\nAltst\u00e4dter Weg 01, 02899 Ostritz<\/p>\n<p><strong>Systemvoraussetzungen<\/strong><br \/>\nDiese Website ist optimiert f\u00fcr den Microsoft Internet Explorer ab Version 6.x, den Netscape Navigator ab Version 7.x, Opera ab Version 7.x, Mozilla ab Version 1.6 und Firefox ab Version 1.5. F\u00fcr die optimale Wiedergabe der Seiten werden Javascript und ggf. Macromedia Flash ab Version 5 ben\u00f6tigt.<\/p>\n","protected":false},"excerpt":{"rendered":"<p>gem\u00e4\u00df \u00a76 Teledienstgesetz (TDG) Diensteanbieter: Ralphs Musikshop Inh. Ralph Hertwig (im folgenden Autor\/Urheber genannt) Anschrift: G\u00f6rlitzer Str. 51 02899 Ostritz Kontakt: Telefon: +49 0174 \u2013 4402688 Elektronische Postadresse (E-Mail): kontakt@ralphs-musikshop.de Inhaltlich Verantwortlicher gem\u00e4\u00df \u00a7 55 Abs. 2 RStV: Ralph\u00b4s Musikshop (Anschrift wie oben) Steuer-Nr.:&nbsp;208\/230\/0157 (Kleinunternehmerregelung) Verantwortungsbereich: Das Impressum gilt f\u00fcr die Internetpr\u00e4senzen unter den Adressen: [&hellip;]<\/p>\n","protected":false},"author":1,"featured_media":0,"parent":0,"menu_order":0,"comment_status":"closed","ping_status":"closed","template":"","meta":{"ngg_post_thumbnail":0,"footnotes":""},"class_list":["post-27","page","type-page","status-publish","hentry"],"yoast_head":"<!-- This site is optimized with the Yoast SEO plugin v19.9 - https:\/\/yoast.com\/wordpress\/plugins\/seo\/ -->\n<title>Impressum -<\/title>\n<meta name=\"robots\" content=\"index, follow, max-snippet:-1, max-image-preview:large, max-video-preview:-1\" \/>\n<link rel=\"canonical\" href=\"https:\/\/www.ralphs-musikshop.de\/index.php\/impressum\/\" \/>\n<meta property=\"og:locale\" content=\"de_DE\" \/>\n<meta property=\"og:type\" content=\"article\" \/>\n<meta property=\"og:title\" content=\"Impressum -\" \/>\n<meta property=\"og:description\" content=\"gem\u00e4\u00df \u00a76 Teledienstgesetz (TDG) Diensteanbieter: Ralphs Musikshop Inh. Ralph Hertwig (im folgenden Autor\/Urheber genannt) Anschrift: G\u00f6rlitzer Str. 51 02899 Ostritz Kontakt: Telefon: +49 0174 \u2013 4402688 Elektronische Postadresse (E-Mail): kontakt@ralphs-musikshop.de Inhaltlich Verantwortlicher gem\u00e4\u00df \u00a7 55 Abs. 2 RStV: Ralph\u00b4s Musikshop (Anschrift wie oben) Steuer-Nr.:&nbsp;208\/230\/0157 (Kleinunternehmerregelung) Verantwortungsbereich: Das Impressum gilt f\u00fcr die Internetpr\u00e4senzen unter den Adressen: [&hellip;]\" \/>\n<meta property=\"og:url\" content=\"https:\/\/www.ralphs-musikshop.de\/index.php\/impressum\/\" \/>\n<meta property=\"article:publisher\" content=\"https:\/\/www.facebook.com\/Ralphs-Musikshop-1592819971025384\/?fref=ts\" \/>\n<meta property=\"article:modified_time\" content=\"2020-03-04T09:02:02+00:00\" \/>\n<meta name=\"twitter:card\" content=\"summary_large_image\" \/>\n<meta name=\"twitter:label1\" content=\"Gesch\u00e4tzte Lesezeit\" \/>\n\t<meta name=\"twitter:data1\" content=\"3\u00a0Minuten\" \/>\n<script type=\"application\/ld+json\" class=\"yoast-schema-graph\">{\"@context\":\"https:\/\/schema.org\",\"@graph\":[{\"@type\":\"WebPage\",\"@id\":\"https:\/\/www.ralphs-musikshop.de\/index.php\/impressum\/\",\"url\":\"https:\/\/www.ralphs-musikshop.de\/index.php\/impressum\/\",\"name\":\"Impressum -\",\"isPartOf\":{\"@id\":\"https:\/\/www.ralphs-musikshop.de\/#website\"},\"datePublished\":\"2016-09-16T12:56:36+00:00\",\"dateModified\":\"2020-03-04T09:02:02+00:00\",\"breadcrumb\":{\"@id\":\"https:\/\/www.ralphs-musikshop.de\/index.php\/impressum\/#breadcrumb\"},\"inLanguage\":\"de\",\"potentialAction\":[{\"@type\":\"ReadAction\",\"target\":[\"https:\/\/www.ralphs-musikshop.de\/index.php\/impressum\/\"]}]},{\"@type\":\"BreadcrumbList\",\"@id\":\"https:\/\/www.ralphs-musikshop.de\/index.php\/impressum\/#breadcrumb\",\"itemListElement\":[{\"@type\":\"ListItem\",\"position\":1,\"name\":\"Startseite\",\"item\":\"https:\/\/www.ralphs-musikshop.de\/\"},{\"@type\":\"ListItem\",\"position\":2,\"name\":\"Impressum\"}]},{\"@type\":\"WebSite\",\"@id\":\"https:\/\/www.ralphs-musikshop.de\/#website\",\"url\":\"https:\/\/www.ralphs-musikshop.de\/\",\"name\":\"\",\"description\":\"DJ Ralph\u00b4s Musikshop | Sound &amp; Food\",\"publisher\":{\"@id\":\"https:\/\/www.ralphs-musikshop.de\/#organization\"},\"potentialAction\":[{\"@type\":\"SearchAction\",\"target\":{\"@type\":\"EntryPoint\",\"urlTemplate\":\"https:\/\/www.ralphs-musikshop.de\/?s={search_term_string}\"},\"query-input\":\"required name=search_term_string\"}],\"inLanguage\":\"de\"},{\"@type\":\"Organization\",\"@id\":\"https:\/\/www.ralphs-musikshop.de\/#organization\",\"name\":\"Ralphs Musikshop\",\"url\":\"https:\/\/www.ralphs-musikshop.de\/\",\"logo\":{\"@type\":\"ImageObject\",\"inLanguage\":\"de\",\"@id\":\"https:\/\/www.ralphs-musikshop.de\/#\/schema\/logo\/image\/\",\"url\":\"https:\/\/www.ralphs-musikshop.de\/wp-content\/uploads\/2016\/09\/logo_ralph.png\",\"contentUrl\":\"https:\/\/www.ralphs-musikshop.de\/wp-content\/uploads\/2016\/09\/logo_ralph.png\",\"width\":300,\"height\":197,\"caption\":\"Ralphs Musikshop\"},\"image\":{\"@id\":\"https:\/\/www.ralphs-musikshop.de\/#\/schema\/logo\/image\/\"},\"sameAs\":[\"https:\/\/www.facebook.com\/Ralphs-Musikshop-1592819971025384\/?fref=ts\"]}]}<\/script>\n<!-- \/ Yoast SEO plugin. -->","yoast_head_json":{"title":"Impressum -","robots":{"index":"index","follow":"follow","max-snippet":"max-snippet:-1","max-image-preview":"max-image-preview:large","max-video-preview":"max-video-preview:-1"},"canonical":"https:\/\/www.ralphs-musikshop.de\/index.php\/impressum\/","og_locale":"de_DE","og_type":"article","og_title":"Impressum -","og_description":"gem\u00e4\u00df \u00a76 Teledienstgesetz (TDG) Diensteanbieter: Ralphs Musikshop Inh. Ralph Hertwig (im folgenden Autor\/Urheber genannt) Anschrift: G\u00f6rlitzer Str. 51 02899 Ostritz Kontakt: Telefon: +49 0174 \u2013 4402688 Elektronische Postadresse (E-Mail): kontakt@ralphs-musikshop.de Inhaltlich Verantwortlicher gem\u00e4\u00df \u00a7 55 Abs. 2 RStV: Ralph\u00b4s Musikshop (Anschrift wie oben) Steuer-Nr.:&nbsp;208\/230\/0157 (Kleinunternehmerregelung) Verantwortungsbereich: Das Impressum gilt f\u00fcr die Internetpr\u00e4senzen unter den Adressen: [&hellip;]","og_url":"https:\/\/www.ralphs-musikshop.de\/index.php\/impressum\/","article_publisher":"https:\/\/www.facebook.com\/Ralphs-Musikshop-1592819971025384\/?fref=ts","article_modified_time":"2020-03-04T09:02:02+00:00","twitter_card":"summary_large_image","twitter_misc":{"Gesch\u00e4tzte Lesezeit":"3\u00a0Minuten"},"schema":{"@context":"https:\/\/schema.org","@graph":[{"@type":"WebPage","@id":"https:\/\/www.ralphs-musikshop.de\/index.php\/impressum\/","url":"https:\/\/www.ralphs-musikshop.de\/index.php\/impressum\/","name":"Impressum -","isPartOf":{"@id":"https:\/\/www.ralphs-musikshop.de\/#website"},"datePublished":"2016-09-16T12:56:36+00:00","dateModified":"2020-03-04T09:02:02+00:00","breadcrumb":{"@id":"https:\/\/www.ralphs-musikshop.de\/index.php\/impressum\/#breadcrumb"},"inLanguage":"de","potentialAction":[{"@type":"ReadAction","target":["https:\/\/www.ralphs-musikshop.de\/index.php\/impressum\/"]}]},{"@type":"BreadcrumbList","@id":"https:\/\/www.ralphs-musikshop.de\/index.php\/impressum\/#breadcrumb","itemListElement":[{"@type":"ListItem","position":1,"name":"Startseite","item":"https:\/\/www.ralphs-musikshop.de\/"},{"@type":"ListItem","position":2,"name":"Impressum"}]},{"@type":"WebSite","@id":"https:\/\/www.ralphs-musikshop.de\/#website","url":"https:\/\/www.ralphs-musikshop.de\/","name":"","description":"DJ Ralph\u00b4s Musikshop | Sound &amp; Food","publisher":{"@id":"https:\/\/www.ralphs-musikshop.de\/#organization"},"potentialAction":[{"@type":"SearchAction","target":{"@type":"EntryPoint","urlTemplate":"https:\/\/www.ralphs-musikshop.de\/?s={search_term_string}"},"query-input":"required name=search_term_string"}],"inLanguage":"de"},{"@type":"Organization","@id":"https:\/\/www.ralphs-musikshop.de\/#organization","name":"Ralphs Musikshop","url":"https:\/\/www.ralphs-musikshop.de\/","logo":{"@type":"ImageObject","inLanguage":"de","@id":"https:\/\/www.ralphs-musikshop.de\/#\/schema\/logo\/image\/","url":"https:\/\/www.ralphs-musikshop.de\/wp-content\/uploads\/2016\/09\/logo_ralph.png","contentUrl":"https:\/\/www.ralphs-musikshop.de\/wp-content\/uploads\/2016\/09\/logo_ralph.png","width":300,"height":197,"caption":"Ralphs Musikshop"},"image":{"@id":"https:\/\/www.ralphs-musikshop.de\/#\/schema\/logo\/image\/"},"sameAs":["https:\/\/www.facebook.com\/Ralphs-Musikshop-1592819971025384\/?fref=ts"]}]}},"_links":{"self":[{"href":"https:\/\/www.ralphs-musikshop.de\/index.php\/wp-json\/wp\/v2\/pages\/27","targetHints":{"allow":["GET"]}}],"collection":[{"href":"https:\/\/www.ralphs-musikshop.de\/index.php\/wp-json\/wp\/v2\/pages"}],"about":[{"href":"https:\/\/www.ralphs-musikshop.de\/index.php\/wp-json\/wp\/v2\/types\/page"}],"author":[{"embeddable":true,"href":"https:\/\/www.ralphs-musikshop.de\/index.php\/wp-json\/wp\/v2\/users\/1"}],"replies":[{"embeddable":true,"href":"https:\/\/www.ralphs-musikshop.de\/index.php\/wp-json\/wp\/v2\/comments?post=27"}],"version-history":[{"count":8,"href":"https:\/\/www.ralphs-musikshop.de\/index.php\/wp-json\/wp\/v2\/pages\/27\/revisions"}],"predecessor-version":[{"id":234,"href":"https:\/\/www.ralphs-musikshop.de\/index.php\/wp-json\/wp\/v2\/pages\/27\/revisions\/234"}],"wp:attachment":[{"href":"https:\/\/www.ralphs-musikshop.de\/index.php\/wp-json\/wp\/v2\/media?parent=27"}],"curies":[{"name":"wp","href":"https:\/\/api.w.org\/{rel}","templated":true}]}}